{"id":95,"date":"2019-08-14T07:40:06","date_gmt":"2019-08-14T07:40:06","guid":{"rendered":"https:\/\/demo.themeisle.com\/neve-lawyers\/?page_id=95"},"modified":"2025-07-29T08:48:45","modified_gmt":"2025-07-29T13:48:45","slug":"nuestra-firma","status":"publish","type":"page","link":"https:\/\/lopezyescobarabogados.com\/en\/nuestra-firma\/","title":{"rendered":"Nuestra Firma"},"content":{"rendered":"<div data-elementor-type=\"wp-page\" data-elementor-id=\"95\" class=\"elementor elementor-95\">\n\t\t\t\t\t\t<section class=\"elementor-section elementor-top-section elementor-element elementor-element-89323e8 elementor-section-boxed elementor-section-height-default elementor-section-height-default\" data-id=\"89323e8\" data-element_type=\"section\" data-settings=\"{&quot;background_background&quot;:&quot;classic&quot;}\">\n\t\t\t\t\t\t\t<div class=\"elementor-background-overlay\"><\/div>\n\t\t\t\t\t\t\t<div class=\"elementor-container elementor-column-gap-default\">\n\t\t\t\t\t<div class=\"elementor-column elementor-col-100 elementor-top-column elementor-element elementor-element-b7e93bd\" data-id=\"b7e93bd\" data-element_type=\"column\" data-settings=\"{&quot;background_background&quot;:&quot;slideshow&quot;,&quot;background_slideshow_loop&quot;:&quot;yes&quot;,&quot;background_slideshow_slide_duration&quot;:5000,&quot;background_slideshow_slide_transition&quot;:&quot;fade&quot;,&quot;background_slideshow_transition_duration&quot;:500}\">\n\t\t\t<div class=\"elementor-widget-wrap elementor-element-populated\">\n\t\t\t\t\t\t<section class=\"elementor-section elementor-inner-section elementor-element elementor-element-64c7ccb elementor-section-boxed elementor-section-height-default elementor-section-height-default\" data-id=\"64c7ccb\" data-element_type=\"section\">\n\t\t\t\t\t\t<div class=\"elementor-container elementor-column-gap-default\">\n\t\t\t\t\t<div class=\"elementor-column elementor-col-100 elementor-inner-column elementor-element elementor-element-5bd4bd1\" data-id=\"5bd4bd1\" data-element_type=\"column\" data-settings=\"{&quot;background_background&quot;:&quot;classic&quot;}\">\n\t\t\t<div class=\"elementor-widget-wrap elementor-element-populated\">\n\t\t\t\t\t\t<div class=\"elementor-element elementor-element-476109b elementor-widget elementor-widget-image\" data-id=\"476109b\" data-element_type=\"widget\" data-widget_type=\"image.default\">\n\t\t\t\t<div class=\"elementor-widget-container\">\n\t\t\t\t\t\t\t\t\t\t\t\t\t\t\t<img fetchpriority=\"high\" decoding=\"async\" width=\"567\" height=\"223\" src=\"https:\/\/lopezyescobarabogados.com\/wp-content\/uploads\/2019\/10\/Logo1P2.png\" class=\"attachment-large size-large wp-image-337\" alt=\"\" srcset=\"https:\/\/lopezyescobarabogados.com\/wp-content\/uploads\/2019\/10\/Logo1P2.png 567w, https:\/\/lopezyescobarabogados.com\/wp-content\/uploads\/2019\/10\/Logo1P2-300x118.png 300w\" sizes=\"(max-width: 567px) 100vw, 567px\" \/>\t\t\t\t\t\t\t\t\t\t\t\t\t\t\t<\/div>\n\t\t\t\t<\/div>\n\t\t\t\t\t<\/div>\n\t\t<\/div>\n\t\t\t\t\t<\/div>\n\t\t<\/section>\n\t\t\t\t\t<\/div>\n\t\t<\/div>\n\t\t\t\t\t<\/div>\n\t\t<\/section>\n\t\t\t\t<section class=\"elementor-section elementor-top-section elementor-element elementor-element-7684078 elementor-section-boxed elementor-section-height-default elementor-section-height-default\" data-id=\"7684078\" data-element_type=\"section\">\n\t\t\t\t\t\t<div class=\"elementor-container elementor-column-gap-default\">\n\t\t\t\t\t<div class=\"elementor-column elementor-col-100 elementor-top-column elementor-element elementor-element-a97efa0\" data-id=\"a97efa0\" data-element_type=\"column\">\n\t\t\t<div class=\"elementor-widget-wrap elementor-element-populated\">\n\t\t\t\t\t\t<section class=\"elementor-section elementor-inner-section elementor-element elementor-element-8ed85ca elementor-section-content-middle elementor-section-boxed elementor-section-height-default elementor-section-height-default\" data-id=\"8ed85ca\" data-element_type=\"section\">\n\t\t\t\t\t\t<div class=\"elementor-container elementor-column-gap-default\">\n\t\t\t\t\t<div class=\"elementor-column elementor-col-50 elementor-inner-column elementor-element elementor-element-8a11de3\" data-id=\"8a11de3\" data-element_type=\"column\">\n\t\t\t<div class=\"elementor-widget-wrap elementor-element-populated\">\n\t\t\t\t\t\t<div class=\"elementor-element elementor-element-f9d2fae elementor-widget elementor-widget-image\" data-id=\"f9d2fae\" data-element_type=\"widget\" data-widget_type=\"image.default\">\n\t\t\t\t<div class=\"elementor-widget-container\">\n\t\t\t\t\t\t\t\t\t\t\t\t\t\t\t<img decoding=\"async\" src=\"https:\/\/lopezyescobarabogados.com\/wp-content\/uploads\/2019\/11\/WhatsApp-Image-2019-10-30-at-4.43.10-PM.jpeg\" title=\"\" alt=\"\" loading=\"lazy\" \/>\t\t\t\t\t\t\t\t\t\t\t\t\t\t\t<\/div>\n\t\t\t\t<\/div>\n\t\t\t\t\t<\/div>\n\t\t<\/div>\n\t\t\t\t<div class=\"elementor-column elementor-col-50 elementor-inner-column elementor-element elementor-element-898c515\" data-id=\"898c515\" data-element_type=\"column\">\n\t\t\t<div class=\"elementor-widget-wrap elementor-element-populated\">\n\t\t\t\t\t\t<div class=\"elementor-element elementor-element-9bb5f33 elementor-widget elementor-widget-heading\" data-id=\"9bb5f33\" data-element_type=\"widget\" data-widget_type=\"heading.default\">\n\t\t\t\t<div class=\"elementor-widget-container\">\n\t\t\t\t\t<h2 class=\"elementor-heading-title elementor-size-default\">Lopez &amp; Escobar Abogados Asociados<\/h2>\t\t\t\t<\/div>\n\t\t\t\t<\/div>\n\t\t\t\t<div class=\"elementor-element elementor-element-de9f5b9 elementor-widget elementor-widget-text-editor\" data-id=\"de9f5b9\" data-element_type=\"widget\" data-widget_type=\"text-editor.default\">\n\t\t\t\t<div class=\"elementor-widget-container\">\n\t\t\t\t\t\t\t\t\t<p>En nuestra firma prestamos de manera confiable, integral y eficiente servicios profesionales del derecho comercial, civil, laboral, y tributario en general. Se cuenta con una alianza estrat\u00e9gica contable, que permite un cumplimiento en dicha materia a nivel empresarial. Creaci\u00f3n de sociedades de familia, aplicaci\u00f3n de procesos de gobierno corporativo, reestructuraci\u00f3n patrimonial en sociedades de familia, atenci\u00f3n de empresas en crisis, entre otros de esta naturaleza. Se excluye de la presente, materias tales como el derecho penal y pensional.\u00a0<\/p><p>Tiene su rango de operaci\u00f3n en Departamentos y ciudades del eje cafetero, Bogot\u00e1 D.C., Cundinamarca, Tolima, Quind\u00edo, Risaralda y Norte del Valle del Cauca en las cuales tenemos clientes a la fecha. Tiene f\u00e1cil desplazamiento por la posici\u00f3n geogr\u00e1fica en la que nos encontramos.<\/p>\t\t\t\t\t\t\t\t<\/div>\n\t\t\t\t<\/div>\n\t\t\t\t<div class=\"elementor-element elementor-element-74bbec6 elementor-mobile-align-center elementor-widget elementor-widget-button\" data-id=\"74bbec6\" data-element_type=\"widget\" data-widget_type=\"button.default\">\n\t\t\t\t<div class=\"elementor-widget-container\">\n\t\t\t\t\t\t\t\t\t<div class=\"elementor-button-wrapper\">\n\t\t\t\t\t<a class=\"elementor-button elementor-button-link elementor-size-lg\" href=\"https:\/\/lopezyescobarabogados.com\/en\/lopezyescobar\/contacto\/\">\n\t\t\t\t\t\t<span class=\"elementor-button-content-wrapper\">\n\t\t\t\t\t\t\t\t\t<span class=\"elementor-button-text\">Contactanos<\/span>\n\t\t\t\t\t<\/span>\n\t\t\t\t\t<\/a>\n\t\t\t\t<\/div>\n\t\t\t\t\t\t\t\t<\/div>\n\t\t\t\t<\/div>\n\t\t\t\t\t<\/div>\n\t\t<\/div>\n\t\t\t\t\t<\/div>\n\t\t<\/section>\n\t\t\t\t\t<\/div>\n\t\t<\/div>\n\t\t\t\t\t<\/div>\n\t\t<\/section>\n\t\t\t\t<section class=\"elementor-section elementor-top-section elementor-element elementor-element-8588239 elementor-section-boxed elementor-section-height-default elementor-section-height-default\" data-id=\"8588239\" data-element_type=\"section\" data-settings=\"{&quot;background_background&quot;:&quot;classic&quot;}\">\n\t\t\t\t\t\t<div class=\"elementor-container elementor-column-gap-default\">\n\t\t\t\t\t<div class=\"elementor-column elementor-col-100 elementor-top-column elementor-element elementor-element-24bd14f\" data-id=\"24bd14f\" data-element_type=\"column\">\n\t\t\t<div class=\"elementor-widget-wrap elementor-element-populated\">\n\t\t\t\t\t\t<section class=\"elementor-section elementor-inner-section elementor-element elementor-element-9dabc07 elementor-section-boxed elementor-section-height-default elementor-section-height-default\" data-id=\"9dabc07\" data-element_type=\"section\">\n\t\t\t\t\t\t<div class=\"elementor-container elementor-column-gap-default\">\n\t\t\t\t\t<div class=\"elementor-column elementor-col-100 elementor-inner-column elementor-element elementor-element-0726fd7\" data-id=\"0726fd7\" data-element_type=\"column\">\n\t\t\t<div class=\"elementor-widget-wrap elementor-element-populated\">\n\t\t\t\t\t\t<div class=\"elementor-element elementor-element-5e31423 elementor-widget elementor-widget-heading\" data-id=\"5e31423\" data-element_type=\"widget\" data-widget_type=\"heading.default\">\n\t\t\t\t<div class=\"elementor-widget-container\">\n\t\t\t\t\t<h2 class=\"elementor-heading-title elementor-size-default\">Real State<\/h2>\t\t\t\t<\/div>\n\t\t\t\t<\/div>\n\t\t\t\t<div class=\"elementor-element elementor-element-7b9280c elementor-widget-divider--view-line elementor-widget elementor-widget-divider\" data-id=\"7b9280c\" data-element_type=\"widget\" data-widget_type=\"divider.default\">\n\t\t\t\t<div class=\"elementor-widget-container\">\n\t\t\t\t\t\t\t<div class=\"elementor-divider\">\n\t\t\t<span class=\"elementor-divider-separator\">\n\t\t\t\t\t\t<\/span>\n\t\t<\/div>\n\t\t\t\t\t\t<\/div>\n\t\t\t\t<\/div>\n\t\t\t\t\t<\/div>\n\t\t<\/div>\n\t\t\t\t\t<\/div>\n\t\t<\/section>\n\t\t\t\t<div class=\"elementor-element elementor-element-1a6b5ff elementor-widget elementor-widget-image\" data-id=\"1a6b5ff\" data-element_type=\"widget\" data-widget_type=\"image.default\">\n\t\t\t\t<div class=\"elementor-widget-container\">\n\t\t\t\t\t\t\t\t\t\t\t\t\t\t\t<img decoding=\"async\" width=\"300\" height=\"300\" src=\"https:\/\/lopezyescobarabogados.com\/wp-content\/uploads\/2019\/10\/logo-arka-1-300x300.png\" class=\"attachment-medium size-medium wp-image-326\" alt=\"\" srcset=\"https:\/\/lopezyescobarabogados.com\/wp-content\/uploads\/2019\/10\/logo-arka-1-300x300.png 300w, https:\/\/lopezyescobarabogados.com\/wp-content\/uploads\/2019\/10\/logo-arka-1-150x150.png 150w, https:\/\/lopezyescobarabogados.com\/wp-content\/uploads\/2019\/10\/logo-arka-1-768x768.png 768w, https:\/\/lopezyescobarabogados.com\/wp-content\/uploads\/2019\/10\/logo-arka-1-1024x1024.png 1024w, https:\/\/lopezyescobarabogados.com\/wp-content\/uploads\/2019\/10\/logo-arka-1.png 1182w\" sizes=\"(max-width: 300px) 100vw, 300px\" \/>\t\t\t\t\t\t\t\t\t\t\t\t\t\t\t<\/div>\n\t\t\t\t<\/div>\n\t\t\t\t<div class=\"elementor-element elementor-element-3adc73f elementor-widget elementor-widget-text-editor\" data-id=\"3adc73f\" data-element_type=\"widget\" data-widget_type=\"text-editor.default\">\n\t\t\t\t<div class=\"elementor-widget-container\">\n\t\t\t\t\t\t\t\t\t<p>For the real estate component, we are constantly searching for innovative proposals for our clients, with the legal certainty that this implies.<\/p>\t\t\t\t\t\t\t\t<\/div>\n\t\t\t\t<\/div>\n\t\t\t\t<section class=\"elementor-section elementor-inner-section elementor-element elementor-element-26f661f elementor-section-boxed elementor-section-height-default elementor-section-height-default\" data-id=\"26f661f\" data-element_type=\"section\">\n\t\t\t\t\t\t<div class=\"elementor-container elementor-column-gap-default\">\n\t\t\t\t\t<div class=\"elementor-column elementor-col-50 elementor-inner-column elementor-element elementor-element-d758b50\" data-id=\"d758b50\" data-element_type=\"column\">\n\t\t\t<div class=\"elementor-widget-wrap elementor-element-populated\">\n\t\t\t\t\t\t<div class=\"elementor-element elementor-element-2024e3f elementor-widget elementor-widget-text-editor\" data-id=\"2024e3f\" data-element_type=\"widget\" data-widget_type=\"text-editor.default\">\n\t\t\t\t<div class=\"elementor-widget-container\">\n\t\t\t\t\t\t\t\t\t<ul><li>Planning and legal and tax advice both in the purchase and sale of urban and rural real estate, among others. Accompaniment to the client in the purchase and sale before, in the business and after it.<\/li><li>Consulting in the construction and real estate sector at corporate and tax level.<\/li><\/ul>\t\t\t\t\t\t\t\t<\/div>\n\t\t\t\t<\/div>\n\t\t\t\t\t<\/div>\n\t\t<\/div>\n\t\t\t\t<div class=\"elementor-column elementor-col-50 elementor-inner-column elementor-element elementor-element-09c569f\" data-id=\"09c569f\" data-element_type=\"column\">\n\t\t\t<div class=\"elementor-widget-wrap elementor-element-populated\">\n\t\t\t\t\t\t<div class=\"elementor-element elementor-element-15ec6a7 elementor-widget elementor-widget-text-editor\" data-id=\"15ec6a7\" data-element_type=\"widget\" data-widget_type=\"text-editor.default\">\n\t\t\t\t<div class=\"elementor-widget-container\">\n\t\t\t\t\t\t\t\t\t<ul><li>Advice on the commercial, corporate, tax structuring of real estate projects.<\/li><li>Leases of real estate.<\/li><li>Sale of new and used properties.<\/li><li>Planning for investment in real estate passive income.<\/li><li>Application of tax benefits to the construction sector.<\/li><\/ul>\t\t\t\t\t\t\t\t<\/div>\n\t\t\t\t<\/div>\n\t\t\t\t\t<\/div>\n\t\t<\/div>\n\t\t\t\t\t<\/div>\n\t\t<\/section>\n\t\t\t\t\t<\/div>\n\t\t<\/div>\n\t\t\t\t\t<\/div>\n\t\t<\/section>\n\t\t\t\t<section class=\"elementor-section elementor-top-section elementor-element elementor-element-742d6f4 elementor-section-boxed elementor-section-height-default elementor-section-height-default\" data-id=\"742d6f4\" data-element_type=\"section\" data-settings=\"{&quot;background_background&quot;:&quot;classic&quot;}\">\n\t\t\t\t\t\t<div class=\"elementor-container elementor-column-gap-default\">\n\t\t\t\t\t<div class=\"elementor-column elementor-col-100 elementor-top-column elementor-element elementor-element-bf97836\" data-id=\"bf97836\" data-element_type=\"column\">\n\t\t\t<div class=\"elementor-widget-wrap elementor-element-populated\">\n\t\t\t\t\t\t<section class=\"elementor-section elementor-inner-section elementor-element elementor-element-3f5bb1e elementor-section-content-middle elementor-section-boxed elementor-section-height-default elementor-section-height-default\" data-id=\"3f5bb1e\" data-element_type=\"section\">\n\t\t\t\t\t\t<div class=\"elementor-container elementor-column-gap-default\">\n\t\t\t\t\t<div class=\"elementor-column elementor-col-50 elementor-inner-column elementor-element elementor-element-373ebd6\" data-id=\"373ebd6\" data-element_type=\"column\">\n\t\t\t<div class=\"elementor-widget-wrap elementor-element-populated\">\n\t\t\t\t\t\t<div class=\"elementor-element elementor-element-c7ce1f0 elementor-widget elementor-widget-heading\" data-id=\"c7ce1f0\" data-element_type=\"widget\" data-widget_type=\"heading.default\">\n\t\t\t\t<div class=\"elementor-widget-container\">\n\t\t\t\t\t<h2 class=\"elementor-heading-title elementor-size-default\">Nuestra Firma<\/h2>\t\t\t\t<\/div>\n\t\t\t\t<\/div>\n\t\t\t\t<div class=\"elementor-element elementor-element-9514284 elementor-widget elementor-widget-text-editor\" data-id=\"9514284\" data-element_type=\"widget\" data-widget_type=\"text-editor.default\">\n\t\t\t\t<div class=\"elementor-widget-container\">\n\t\t\t\t\t\t\t\t\t<ul><li><strong>Objetivo:<\/strong> Alcanzar la m\u00e1xima satisfacci\u00f3n de nuestros clientes, con altos est\u00e1ndares de calidad y profesionalismo en la labor jur\u00eddica, al momento de materializar nuestros servicios en las materias que somos expertos.<br \/><br \/><\/li><li><strong>Misi\u00f3n:<\/strong> Apoyar en el proceso de crecimiento y desarrollo empresarial y personal de todos nuestros clientes, pretendiendo que el riesgo en los negocios, sea mitigado por nuestra firma de abogados. <br \/><br \/><\/li><li><strong>Visi\u00f3n:<\/strong> Convertirnos en la mejor firma de abogados en las materias que somos expertos, a nivel local, nacional e internacional, pretendiendo ser un modelo a seguir en la prestaci\u00f3n de servicios jur\u00eddicos de alta calidad.<\/li><\/ul>\t\t\t\t\t\t\t\t<\/div>\n\t\t\t\t<\/div>\n\t\t\t\t\t<\/div>\n\t\t<\/div>\n\t\t\t\t<div class=\"elementor-column elementor-col-50 elementor-inner-column elementor-element elementor-element-92b0ebf\" data-id=\"92b0ebf\" data-element_type=\"column\">\n\t\t\t<div class=\"elementor-widget-wrap elementor-element-populated\">\n\t\t\t\t\t\t<div class=\"elementor-element elementor-element-8150f51 elementor-widget elementor-widget-image\" data-id=\"8150f51\" data-element_type=\"widget\" data-widget_type=\"image.default\">\n\t\t\t\t<div class=\"elementor-widget-container\">\n\t\t\t\t\t\t\t\t\t\t\t\t\t\t\t<img decoding=\"async\" src=\"https:\/\/lopezyescobarabogados.com\/wp-content\/uploads\/2019\/11\/WhatsApp-Image-2019-10-30-at-4.43.09-PM.jpeg\" title=\"\" alt=\"\" loading=\"lazy\" \/>\t\t\t\t\t\t\t\t\t\t\t\t\t\t\t<\/div>\n\t\t\t\t<\/div>\n\t\t\t\t\t<\/div>\n\t\t<\/div>\n\t\t\t\t\t<\/div>\n\t\t<\/section>\n\t\t\t\t\t<\/div>\n\t\t<\/div>\n\t\t\t\t\t<\/div>\n\t\t<\/section>\n\t\t\t\t<section class=\"elementor-section elementor-top-section elementor-element elementor-element-07ebf75 elementor-section-boxed elementor-section-height-default elementor-section-height-default\" data-id=\"07ebf75\" data-element_type=\"section\" data-settings=\"{&quot;background_background&quot;:&quot;classic&quot;}\">\n\t\t\t\t\t\t\t<div class=\"elementor-background-overlay\"><\/div>\n\t\t\t\t\t\t\t<div class=\"elementor-container elementor-column-gap-default\">\n\t\t\t\t\t<div class=\"elementor-column elementor-col-100 elementor-top-column elementor-element elementor-element-535cadf\" data-id=\"535cadf\" data-element_type=\"column\">\n\t\t\t<div class=\"elementor-widget-wrap elementor-element-populated\">\n\t\t\t\t\t\t<section class=\"elementor-section elementor-inner-section elementor-element elementor-element-edea717 elementor-section-boxed elementor-section-height-default elementor-section-height-default\" data-id=\"edea717\" data-element_type=\"section\">\n\t\t\t\t\t\t<div class=\"elementor-container elementor-column-gap-default\">\n\t\t\t\t\t<div class=\"elementor-column elementor-col-100 elementor-inner-column elementor-element elementor-element-ab5c302\" data-id=\"ab5c302\" data-element_type=\"column\" data-settings=\"{&quot;background_background&quot;:&quot;classic&quot;}\">\n\t\t\t<div class=\"elementor-widget-wrap elementor-element-populated\">\n\t\t\t\t\t\t<div class=\"elementor-element elementor-element-2de4f5d elementor-widget elementor-widget-heading\" data-id=\"2de4f5d\" data-element_type=\"widget\" data-widget_type=\"heading.default\">\n\t\t\t\t<div class=\"elementor-widget-container\">\n\t\t\t\t\t<h2 class=\"elementor-heading-title elementor-size-default\">Do you want more information? We help you solve your legal issues<\/h2>\t\t\t\t<\/div>\n\t\t\t\t<\/div>\n\t\t\t\t<div class=\"elementor-element elementor-element-cda8731 elementor-widget-divider--view-line elementor-widget elementor-widget-divider\" data-id=\"cda8731\" data-element_type=\"widget\" data-widget_type=\"divider.default\">\n\t\t\t\t<div class=\"elementor-widget-container\">\n\t\t\t\t\t\t\t<div class=\"elementor-divider\">\n\t\t\t<span class=\"elementor-divider-separator\">\n\t\t\t\t\t\t<\/span>\n\t\t<\/div>\n\t\t\t\t\t\t<\/div>\n\t\t\t\t<\/div>\n\t\t\t\t<div class=\"elementor-element elementor-element-9edb0ef elementor-align-center elementor-mobile-align-justify elementor-widget elementor-widget-button\" data-id=\"9edb0ef\" data-element_type=\"widget\" data-widget_type=\"button.default\">\n\t\t\t\t<div class=\"elementor-widget-container\">\n\t\t\t\t\t\t\t\t\t<div class=\"elementor-button-wrapper\">\n\t\t\t\t\t<a class=\"elementor-button elementor-button-link elementor-size-lg\" href=\"https:\/\/lopezyescobarabogados.com\/en\/lopezyescobar\/contacto\/\">\n\t\t\t\t\t\t<span class=\"elementor-button-content-wrapper\">\n\t\t\t\t\t\t\t\t\t<span class=\"elementor-button-text\">comunicate con nosotros<\/span>\n\t\t\t\t\t<\/span>\n\t\t\t\t\t<\/a>\n\t\t\t\t<\/div>\n\t\t\t\t\t\t\t\t<\/div>\n\t\t\t\t<\/div>\n\t\t\t\t\t<\/div>\n\t\t<\/div>\n\t\t\t\t\t<\/div>\n\t\t<\/section>\n\t\t\t\t\t<\/div>\n\t\t<\/div>\n\t\t\t\t\t<\/div>\n\t\t<\/section>\n\t\t\t\t<\/div>","protected":false},"excerpt":{"rendered":"<p>Lopez &amp; Escobar Abogados Asociados En nuestra firma prestamos de manera confiable, integral y eficiente servicios profesionales del derecho comercial, civil, laboral, y tributario en general. Se cuenta con una alianza estrat\u00e9gica contable, que permite un cumplimiento en dicha materia a nivel empresarial. Creaci\u00f3n de sociedades de familia, aplicaci\u00f3n de procesos de gobierno corporativo, reestructuraci\u00f3n&hellip;&nbsp;<a href=\"https:\/\/lopezyescobarabogados.com\/en\/nuestra-firma\/\" rel=\"bookmark\">Read More &raquo;<span class=\"screen-reader-text\">Nuestra Firma<\/span><\/a><\/p>","protected":false},"author":1,"featured_media":0,"parent":0,"menu_order":0,"comment_status":"closed","ping_status":"closed","template":"elementor_header_footer","meta":{"neve_meta_sidebar":"default","neve_meta_container":"default","neve_meta_enable_content_width":"off","neve_meta_content_width":70,"neve_meta_title_alignment":"","neve_meta_author_avatar":"","neve_post_elements_order":"","neve_meta_disable_header":"off","neve_meta_disable_footer":"off","neve_meta_disable_title":"off","footnotes":""},"class_list":["post-95","page","type-page","status-publish","hentry"],"aioseo_notices":[],"_links":{"self":[{"href":"https:\/\/lopezyescobarabogados.com\/en\/wp-json\/wp\/v2\/pages\/95","targetHints":{"allow":["GET"]}}],"collection":[{"href":"https:\/\/lopezyescobarabogados.com\/en\/wp-json\/wp\/v2\/pages"}],"about":[{"href":"https:\/\/lopezyescobarabogados.com\/en\/wp-json\/wp\/v2\/types\/page"}],"author":[{"embeddable":true,"href":"https:\/\/lopezyescobarabogados.com\/en\/wp-json\/wp\/v2\/users\/1"}],"replies":[{"embeddable":true,"href":"https:\/\/lopezyescobarabogados.com\/en\/wp-json\/wp\/v2\/comments?post=95"}],"version-history":[{"count":44,"href":"https:\/\/lopezyescobarabogados.com\/en\/wp-json\/wp\/v2\/pages\/95\/revisions"}],"predecessor-version":[{"id":444,"href":"https:\/\/lopezyescobarabogados.com\/en\/wp-json\/wp\/v2\/pages\/95\/revisions\/444"}],"wp:attachment":[{"href":"https:\/\/lopezyescobarabogados.com\/en\/wp-json\/wp\/v2\/media?parent=95"}],"curies":[{"name":"wp","href":"https:\/\/api.w.org\/{rel}","templated":true}]}}